{"id":9928,"date":"2025-12-12T19:54:13","date_gmt":"2025-12-13T00:54:13","guid":{"rendered":"https:\/\/new2025.bogobeth.co\/?post_type=product&#038;p=9928"},"modified":"2026-01-20T13:05:44","modified_gmt":"2026-01-20T18:05:44","slug":"oso-panda","status":"publish","type":"product","link":"https:\/\/bogobeth.co\/index.php\/producto\/oso-panda\/","title":{"rendered":"Kigurumi Oso Panda"},"content":{"rendered":"<div id=\"collapseDescription\" class=\"tab-pane fade show active\" role=\"tabpanel\">\n<div class=\"panel-content\">\n<div class=\"product-description typo\">\n<ul>\n<li>Pijama en tela t\u00e9rmica, antial\u00e9rgica (felpa), suave textura, dise\u00f1o animado.<\/li>\n<li>Tambi\u00e9n se usa como disfraz.<\/li>\n<li>Confecci\u00f3n 100% Colombiana<\/li>\n<li>Lavado y secado en m\u00e1quina.<\/li>\n<li>Garant\u00eda; 2 meses.<\/li>\n<\/ul>\n<\/div>\n<\/div>\n<\/div>\n","protected":false},"excerpt":{"rendered":"<div id=\"product-description-short-10\" class=\"product-description-short sm-bottom\">\n<p>Pijama en tela t\u00e9rmica, antial\u00e9rgica (felpa), suave textura.<\/p>\n<\/div>\n","protected":false},"featured_media":9929,"template":"","meta":[],"product_brand":[],"product_cat":[79],"product_tag":[],"class_list":{"0":"post-9928","1":"product","2":"type-product","3":"status-publish","4":"has-post-thumbnail","6":"product_cat-kigurumi","8":"first","9":"instock","10":"taxable","11":"shipping-taxable","12":"purchasable","13":"product-type-variable"},"_links":{"self":[{"href":"https:\/\/bogobeth.co\/index.php\/wp-json\/wp\/v2\/product\/9928","targetHints":{"allow":["GET"]}}],"collection":[{"href":"https:\/\/bogobeth.co\/index.php\/wp-json\/wp\/v2\/product"}],"about":[{"href":"https:\/\/bogobeth.co\/index.php\/wp-json\/wp\/v2\/types\/product"}],"version-history":[{"count":2,"href":"https:\/\/bogobeth.co\/index.php\/wp-json\/wp\/v2\/product\/9928\/revisions"}],"predecessor-version":[{"id":10565,"href":"https:\/\/bogobeth.co\/index.php\/wp-json\/wp\/v2\/product\/9928\/revisions\/10565"}],"wp:featuredmedia":[{"embeddable":true,"href":"https:\/\/bogobeth.co\/index.php\/wp-json\/wp\/v2\/media\/9929"}],"wp:attachment":[{"href":"https:\/\/bogobeth.co\/index.php\/wp-json\/wp\/v2\/media?parent=9928"}],"wp:term":[{"taxonomy":"product_brand","embeddable":true,"href":"https:\/\/bogobeth.co\/index.php\/wp-json\/wp\/v2\/product_brand?post=9928"},{"taxonomy":"product_cat","embeddable":true,"href":"https:\/\/bogobeth.co\/index.php\/wp-json\/wp\/v2\/product_cat?post=9928"},{"taxonomy":"product_tag","embeddable":true,"href":"https:\/\/bogobeth.co\/index.php\/wp-json\/wp\/v2\/product_tag?post=9928"}],"curies":[{"name":"wp","href":"https:\/\/api.w.org\/{rel}","templated":true}]}}