{"id":10154,"date":"2025-12-13T16:46:23","date_gmt":"2025-12-13T21:46:23","guid":{"rendered":"https:\/\/new2025.bogobeth.co\/?post_type=product&#038;p=10154"},"modified":"2025-12-13T16:46:23","modified_gmt":"2025-12-13T21:46:23","slug":"arnes-elefante","status":"publish","type":"product","link":"https:\/\/bogobeth.co\/index.php\/producto\/arnes-elefante\/","title":{"rendered":"ARN\u00c9S Elefante"},"content":{"rendered":"<div class=\"tab-content\">\n<div id=\"collapseDescription\" class=\"tab-pane fade show active\" role=\"tabpanel\">\n<div class=\"panel-content\">\n<div class=\"product-description typo\">\n<p><strong>Arn\u00e9s para ni\u00f1os,<\/strong>\u00a0este producto brinda seguridad a los m\u00e1s peque\u00f1os, son dise\u00f1ados en personajes animados para que los ni\u00f1os los acojan, son c\u00f3modos y terminados con reatas de seguridad.\u00a0tambi\u00e9n es un bolso.producto nacional.<\/p>\n<p>fabricado por bogobeth<\/p>\n<\/div>\n<\/div>\n<\/div>\n<\/div>\n","protected":false},"excerpt":{"rendered":"<div id=\"product-description-short-41\" class=\"product-description-short sm-bottom\">\n<p><strong>Arn\u00e9s para ni\u00f1os<\/strong>, este producto brinda seguridad a los m\u00e1s peque\u00f1os.<\/p>\n<\/div>\n","protected":false},"featured_media":10138,"template":"","meta":[],"product_brand":[],"product_cat":[76],"product_tag":[],"class_list":{"0":"post-10154","1":"product","2":"type-product","3":"status-publish","4":"has-post-thumbnail","6":"product_cat-arnes","8":"first","9":"instock","10":"taxable","11":"shipping-taxable","12":"product-type-simple"},"_links":{"self":[{"href":"https:\/\/bogobeth.co\/index.php\/wp-json\/wp\/v2\/product\/10154","targetHints":{"allow":["GET"]}}],"collection":[{"href":"https:\/\/bogobeth.co\/index.php\/wp-json\/wp\/v2\/product"}],"about":[{"href":"https:\/\/bogobeth.co\/index.php\/wp-json\/wp\/v2\/types\/product"}],"version-history":[{"count":1,"href":"https:\/\/bogobeth.co\/index.php\/wp-json\/wp\/v2\/product\/10154\/revisions"}],"predecessor-version":[{"id":10155,"href":"https:\/\/bogobeth.co\/index.php\/wp-json\/wp\/v2\/product\/10154\/revisions\/10155"}],"wp:featuredmedia":[{"embeddable":true,"href":"https:\/\/bogobeth.co\/index.php\/wp-json\/wp\/v2\/media\/10138"}],"wp:attachment":[{"href":"https:\/\/bogobeth.co\/index.php\/wp-json\/wp\/v2\/media?parent=10154"}],"wp:term":[{"taxonomy":"product_brand","embeddable":true,"href":"https:\/\/bogobeth.co\/index.php\/wp-json\/wp\/v2\/product_brand?post=10154"},{"taxonomy":"product_cat","embeddable":true,"href":"https:\/\/bogobeth.co\/index.php\/wp-json\/wp\/v2\/product_cat?post=10154"},{"taxonomy":"product_tag","embeddable":true,"href":"https:\/\/bogobeth.co\/index.php\/wp-json\/wp\/v2\/product_tag?post=10154"}],"curies":[{"name":"wp","href":"https:\/\/api.w.org\/{rel}","templated":true}]}}