{"id":10151,"date":"2025-12-13T16:45:07","date_gmt":"2025-12-13T21:45:07","guid":{"rendered":"https:\/\/new2025.bogobeth.co\/?post_type=product&#038;p=10151"},"modified":"2025-12-13T16:45:07","modified_gmt":"2025-12-13T21:45:07","slug":"arnes-mono","status":"publish","type":"product","link":"https:\/\/bogobeth.co\/index.php\/producto\/arnes-mono\/","title":{"rendered":"ARN\u00c9S MONO"},"content":{"rendered":"<div id=\"collapseDescription\" class=\"tab-pane fade show active\" role=\"tabpanel\">\n<div class=\"panel-content\">\n<div class=\"product-description typo\">\n<p><strong>Arn\u00e9s para ni\u00f1os,<\/strong> este producto brinda seguridad a los m\u00e1s peque\u00f1os, son dise\u00f1ados en personajes animados para que los ni\u00f1os los acojan, son c\u00f3modos y terminados con reatas de seguridad. fabricados en suave tina, tambi\u00e9n es un bolso.producto nacional.<\/p>\n<p>fabricado por bogobeth<\/p>\n<\/div>\n<\/div>\n<\/div>\n","protected":false},"excerpt":{"rendered":"<div id=\"product-description-short-44\" class=\"product-description-short sm-bottom\">\n<p><strong>Arn\u00e9s para ni\u00f1os<\/strong> este producto brinda seguridad a los m\u00e1s peque\u00f1os.<\/p>\n<\/div>\n","protected":false},"featured_media":10149,"template":"","meta":[],"product_brand":[],"product_cat":[76],"product_tag":[],"class_list":{"0":"post-10151","1":"product","2":"type-product","3":"status-publish","4":"has-post-thumbnail","6":"product_cat-arnes","8":"first","9":"instock","10":"taxable","11":"shipping-taxable","12":"product-type-simple"},"_links":{"self":[{"href":"https:\/\/bogobeth.co\/index.php\/wp-json\/wp\/v2\/product\/10151","targetHints":{"allow":["GET"]}}],"collection":[{"href":"https:\/\/bogobeth.co\/index.php\/wp-json\/wp\/v2\/product"}],"about":[{"href":"https:\/\/bogobeth.co\/index.php\/wp-json\/wp\/v2\/types\/product"}],"version-history":[{"count":2,"href":"https:\/\/bogobeth.co\/index.php\/wp-json\/wp\/v2\/product\/10151\/revisions"}],"predecessor-version":[{"id":10153,"href":"https:\/\/bogobeth.co\/index.php\/wp-json\/wp\/v2\/product\/10151\/revisions\/10153"}],"wp:featuredmedia":[{"embeddable":true,"href":"https:\/\/bogobeth.co\/index.php\/wp-json\/wp\/v2\/media\/10149"}],"wp:attachment":[{"href":"https:\/\/bogobeth.co\/index.php\/wp-json\/wp\/v2\/media?parent=10151"}],"wp:term":[{"taxonomy":"product_brand","embeddable":true,"href":"https:\/\/bogobeth.co\/index.php\/wp-json\/wp\/v2\/product_brand?post=10151"},{"taxonomy":"product_cat","embeddable":true,"href":"https:\/\/bogobeth.co\/index.php\/wp-json\/wp\/v2\/product_cat?post=10151"},{"taxonomy":"product_tag","embeddable":true,"href":"https:\/\/bogobeth.co\/index.php\/wp-json\/wp\/v2\/product_tag?post=10151"}],"curies":[{"name":"wp","href":"https:\/\/api.w.org\/{rel}","templated":true}]}}