{"id":10137,"date":"2025-12-13T16:43:56","date_gmt":"2025-12-13T21:43:56","guid":{"rendered":"https:\/\/new2025.bogobeth.co\/?post_type=product&#038;p=10137"},"modified":"2025-12-13T16:43:56","modified_gmt":"2025-12-13T21:43:56","slug":"arnes-perro","status":"publish","type":"product","link":"https:\/\/bogobeth.co\/index.php\/producto\/arnes-perro\/","title":{"rendered":"ARN\u00c9S Perro"},"content":{"rendered":"<p><strong>Arn\u00e9s para ni\u00f1os,\u00a0<\/strong>este producto brinda seguridad a los m\u00e1s peque\u00f1os, son dise\u00f1ados en personajes animados para que los ni\u00f1os los acojan, son c\u00f3modos y terminados con reatas de seguridad. fabricados en suave tina, y peluche, tambi\u00e9n es un bolso.<\/p>\n","protected":false},"excerpt":{"rendered":"<div id=\"product-description-short-45\" class=\"product-description-short sm-bottom\">\n<p><strong>Arn\u00e9s para ni\u00f1os,\u00a0<\/strong>este producto brinda seguridad a los m\u00e1s peque\u00f1os.<\/p>\n<\/div>\n","protected":false},"featured_media":10146,"template":"","meta":[],"product_brand":[],"product_cat":[76],"product_tag":[],"class_list":{"0":"post-10137","1":"product","2":"type-product","3":"status-publish","4":"has-post-thumbnail","6":"product_cat-arnes","8":"first","9":"instock","10":"taxable","11":"shipping-taxable","12":"product-type-simple"},"_links":{"self":[{"href":"https:\/\/bogobeth.co\/index.php\/wp-json\/wp\/v2\/product\/10137","targetHints":{"allow":["GET"]}}],"collection":[{"href":"https:\/\/bogobeth.co\/index.php\/wp-json\/wp\/v2\/product"}],"about":[{"href":"https:\/\/bogobeth.co\/index.php\/wp-json\/wp\/v2\/types\/product"}],"version-history":[{"count":1,"href":"https:\/\/bogobeth.co\/index.php\/wp-json\/wp\/v2\/product\/10137\/revisions"}],"predecessor-version":[{"id":10150,"href":"https:\/\/bogobeth.co\/index.php\/wp-json\/wp\/v2\/product\/10137\/revisions\/10150"}],"wp:featuredmedia":[{"embeddable":true,"href":"https:\/\/bogobeth.co\/index.php\/wp-json\/wp\/v2\/media\/10146"}],"wp:attachment":[{"href":"https:\/\/bogobeth.co\/index.php\/wp-json\/wp\/v2\/media?parent=10137"}],"wp:term":[{"taxonomy":"product_brand","embeddable":true,"href":"https:\/\/bogobeth.co\/index.php\/wp-json\/wp\/v2\/product_brand?post=10137"},{"taxonomy":"product_cat","embeddable":true,"href":"https:\/\/bogobeth.co\/index.php\/wp-json\/wp\/v2\/product_cat?post=10137"},{"taxonomy":"product_tag","embeddable":true,"href":"https:\/\/bogobeth.co\/index.php\/wp-json\/wp\/v2\/product_tag?post=10137"}],"curies":[{"name":"wp","href":"https:\/\/api.w.org\/{rel}","templated":true}]}}